{"id":17839,"date":"2021-11-06T13:53:57","date_gmt":"2021-11-06T13:53:57","guid":{"rendered":"https:\/\/echocar.ro\/?page_id=17839"},"modified":"2024-05-28T12:39:34","modified_gmt":"2024-05-28T12:39:34","slug":"termeni-si-conditii","status":"publish","type":"page","link":"https:\/\/echocar.ro\/en\/termeni-si-conditii\/","title":{"rendered":"Terms and Conditions"},"content":{"rendered":"<p><strong>1. Domeniul de aplicare, condi\u021bii de utilizare \u0219i scopul:<\/strong><\/p>\n\n<p>Site-ul www.echocar.ro permite clien\u021bilor Echo Car SRL s\u0103 utilizeze con\u021binutul \u0219i func\u021biile furnizate pe baza condi\u021biilor de utilizare \u0219i a reglement\u0103rilor legale \u00een vigoare.<\/p>\n\n<p><strong>2.Condi\u021bii personale \/juridice de utilizare:<\/strong><\/p>\n\n<p>Utilizarea func\u021biilor platformei de Internet www.echocar.ro este permis\u0103 numai persoanelor fizice cu v\u00e2rsta minim\u0103 de 18 ani. Utilizarea de c\u0103tre persoane juridice este reglementat\u0103 de lege (\u00een ceea ce prive\u0219te autoritatea de reprezentare).<br \/>Echo Car SRL are dreptul de a exclude persoane de la utilizarea serviciului de internet f\u0103r\u0103 s\u0103 prezinte motive.<\/p>\n\n<p>Prin utilizarea platformei respecta\u021bi drepturile de autor, numele \u0219i drepturile de marc\u0103, precum \u0219i alte drepturi de proprietate ale ter\u021bilor. De exemplu, toate paginile web ale Echo Car SRL, inclusiv imagini, muzic\u0103 \u0219i m\u0103rci, sunt protejate. Acest lucru se aplic\u0103 \u0219i drepturilor de proprietate intelectual\u0103 ale companiilor noastre din Grup. Aceste site-uri web \u0219i ace\u0219ti termeni de utilizare reprezint\u0103 drepturile de protec\u021bie ale Echo Car SRL.\u00a0 Utilizatorii se angajeaz\u0103 s\u0103 se ab\u021bin\u0103 de la orice utilizare abuziv\u0103 a serviciilor, \u00een special<\/p>\n\n<ul class=\"wp-block-list\">\n<li>pentru p\u0103strarea securit\u0103\u021bii datelor,<\/li>\n\n<li>s\u0103 nu utilizeze niciun fel de facilit\u0103\u021bi sau s\u0103 efectueze aplica\u021bii care ar putea deteriora facilit\u0103\u021bile sau s\u0103 cauzeze o func\u021bionare defectuoas\u0103 a Serverului sau a re\u021belei Echo Car SRL sau ale altor re\u021bele, s\u0103 nu integreze<\/li>\n\n<li>serviciile de informa\u021bii sau orice parte a acestora \u00een alte oferte online, private sau comerciale, nici s\u0103 utilizeze serviciile \u00een mod comercial.<\/li>\n<\/ul>\n\n<p><strong>3. Utilizarea platformei de publicitate, R\u0103spundere \u0219i Garan\u021bie:<\/strong><\/p>\n\n<p>www.echocar.ro este o platform\u0103 de prezentare pe care persoanele fizice \u0219i juridice pot publica oferte de autovehicule rulate, cu condi\u021bia ca acel con\u021binutul s\u0103 nu \u00eencalce reglement\u0103rile legale, \u00een special reglement\u0103rile privind protec\u021bia datelor sau \u00een raport cu aceste condi\u021bii de utilizare. Ofertele \/ anun\u021burile disponibile la adresa www.echocar.ro sunt furnizate de ter\u021be p\u0103r\u021bi \u0219i nu constituie oferte obligatorii din partea Echo Car SRL. Serviciul oferit de Echo Car SRL trebuie \u00een\u021beles ca o platform\u0103 de publicitate, pe care utilizatorii \u00ee\u0219i pot plasa reclamele respectiv pot contacta v\u00eenz\u0103torul dac\u0103 sunt interesa\u021bi \u0219i pot \u00eencheia contracte \u00eentre ei. Orice contract este, prin urmare, \u00eencheiat exclusiv \u00eentre respectivul agent de vanzare \u0219i clientul poten\u021bial. Echo Car SRL nu este nici reprezentant, nici agent, nici nu este un intermediar sau un broker al utilizatorilor. Toate contractele sau contactele juridice dintre utilizatori, care sunt \u00eencheiate sau se realizeaz\u0103 prin platforma www.echocar.ro, exist\u0103 doar \u00eentre ele. Prin urmare, Echo Car SRL nu \u00ee\u0219i asum\u0103 nici o r\u0103spundere \u00een leg\u0103tur\u0103 cu \u00eencheierea sau ne-\u00eencheierea unui contract. Echo Car SRL nu este r\u0103spunz\u0103tor pentru autovehiculele rulate puse la v\u00eenzare pe platforma publicitar\u0103, nici de garan\u021bie, daune sau r\u0103spundere pentru produse sau garan\u021bie. Toate cererile trebuie puse \u00een aplicare \u00een mod legal \u00eempotriva respectivului utilizator sau partener contractual.<\/p>\n\n<p>Odat\u0103 cu publicarea con\u021binutului recuperabil al utilizatorilor \/ agen\u021bilor de publicitate sau \u00een numele acestora, Echo Car SRL nu \u00ee\u0219i asum\u0103 nici o r\u0103spundere pentru con\u021binutul, corectitudinea, actualitatea sau fiabilitatea con\u021binutului, nici pentru erorile de scriere \u0219i transmitere. Utilizatorul r\u0103spunde de corectitudinea informa\u021biilor.<\/p>\n\n<p>Con\u021binutul afi\u0219at pe site-ul www.echocar.ro nu poate fi copiat, editat, distribuit, publicat sau pus la dispozi\u021bia publicului (publica\u021bie online) f\u0103r\u0103 acordul prealabil al de\u021bin\u0103torilor de drepturi. Acest lucru se aplic\u0103 \u0219i copierii prin motoare de c\u0103utare tip &#8222;Robot\/Crawler&#8221; sau prin alte mecanisme automate.<\/p>\n\n<p>Echo Car SRL nu este responsabil pentru corectitudinea informa\u021biilor privind identitatea utilizatorilor \u0219i agen\u021bilor sau pentru accesibilitatea unui agent prin intermediul informa\u021biilor specificate. Fiecare utilizator trebuie s\u0103 se conving\u0103 de identitatea partenerului s\u0103u contractual.<\/p>\n\n<p><strong>4.Serviciile Echo Car SRL<\/strong><\/p>\n\n<p>Echo Car SRL se str\u0103duie\u0219te s\u0103 asigure buna func\u021bionare a site-ului www.echocar.ro. Cu toate acestea, nu poate garanta c\u0103 site-ul va func\u021biona \u00een permanen\u021b\u0103 f\u0103r\u0103 probleme tehnice. Informa\u021biile pe care le g\u0103si\u021bi pe aceste pagini web au fost compuse cu aten\u021bie de c\u0103tre Echo Car SRL \u0219i v\u0103 sunt disponibile \u00een medie 97,5% pe an.<\/p>\n\n<p>Con\u021binutul paginilor web are un scop informa\u021bional \u0219i nu este contractual din punct de vedere juridic, \u00een m\u0103sura \u00een care acestea nu fac obiectul specifica\u021biilor privind consumul de combustibil \u0219i emisiile de CO2. Informa\u021biile privind livrarea, aspectul, pre\u021bul, performan\u021ba, dimensiunile \u0219i greutatea vehiculelor corespund informa\u021biilor disponibile la momentul introducerii datelor. \u00cen acest sens, modific\u0103rile sunt rezervate \u00een mod expres. Toate specifica\u021biile privind echip\u0103rile, pre\u021burile \u0219i datele tehnice se bazeaz\u0103 pe caracteristicile pie\u021bei din Romania. Verifica\u021bi informa\u021biile \u00eenainte de a le utiliza, indiferent de situa\u021bie. Declara\u021biile contractuale pot fi f\u0103cute doar \u00een urma unor cereri specifice.<\/p>\n\n<p>Informatii UE cu privire la consumul de carburant si emisii CO2 potrivit reglementarii CE 715\/2007: Valorile date au fost determinate \u00een conformitate cu procedurile de m\u0103surare VO (EG) 715\/2007. Informa\u021biile nu se refer\u0103 la un singur vehicul \u0219i nu fac parte din ofert\u0103, acestea servesc exclusiv \u00een scopul compar\u0103rii diferitelor tipuri de vehicule. Diferen\u021bele de consum \u0219i emisiile de CO2 pot rezulta din echip\u0103rii \u0219i accesorii speciale (de ex. Dimensiunea mai mare a anvelopelor, aerul condi\u021bionat, barele pentru portbagaj etc.).<\/p>\n\n<p><strong>5. Modificarea serviciilor<\/strong><\/p>\n\n<p>Echo Car SRL \u00ee\u0219i rezerv\u0103 dreptul de a prelungi, reduce sau modifica serviciul sau o parte din acesta \u00een orice moment. Dezvoltarea rapid\u0103 a internetului presupune modificarea din c\u00e2nd \u00een c\u00e2nd a acestor termeni de utilizare.<br \/>\u00cen acest sens, se aplic\u0103 explica\u021biile de la Punctul 7. Modific\u0103ri ale condi\u021biilor de utilizare.<\/p>\n\n<p><strong>6. Siguran\u021ba<\/strong><\/p>\n\n<p>Dac\u0103 dori\u021bi s\u0103 trimite\u021bi un e-mail c\u0103tre Echo Car SRL prin intermediul contului dvs. privat de E-mail, v\u0103 rug\u0103m s\u0103 re\u021bine\u021bi c\u0103 datorit\u0103 structurii tehnice a internetului, trebuie s\u0103 asigura\u021bi confiden\u021bialitatea \u0219i integritatea con\u021binutului dvs. de e-mail. \u00cen acest scop, pute\u021bi utiliza de ex. un software standard de criptare. Dac\u0103 dori\u021bi s\u0103 trimite\u021bi un e-mail direct din Echo Car SRL, trebuie s\u0103 re\u021bine\u021bi c\u0103 aceste date sunt transmise \u00een form\u0103 necriptat\u0103 \u0219i astfel nu se poate garanta confiden\u021bialitatea \u0219i integritatea con\u021binutului e-mailului.<\/p>\n\n<p><strong>7. Modific\u0103ri ale condi\u021biilor de utilizare:<\/strong><\/p>\n\n<p>Echo Car SRL \u00ee\u0219i rezerv\u0103 dreptul de a modifica condi\u021biile de utilizare \u00eentr-un mod acceptabil pentru utilizator \u0219i cu efect pentru viitor. Aceste modific\u0103ri vor fi prezentate \u00een mod explicit \u0219i vi se va cere acordul dvs. Dat fiind faptul c\u0103 oferta site-ului este un serviciu gratuit pentru to\u021bi utilizatorii \u0219i c\u0103 to\u021bi utilizatorii \u00eenregistra\u021bi trebuie s\u0103 fie trata\u021bi \u00een acela\u0219i mod, este inadmisibil\u0103 utilizarea site-ului web \u00een cazul unei contradic\u021bii cu condi\u021biile de utilizare sau modificarea ulterioar\u0103 a condi\u021biilor de utilizare.<\/p>\n\n<p><strong>8. Aplicarea legii:<\/strong><\/p>\n\n<p>Se aplic\u0103 legisla\u021bia din Romania, at\u00e2t \u00een cazul utiliz\u0103rii serviciilor, c\u00e2t \u0219i a condi\u021biilor de utilizare, cu excep\u021bia dispozi\u021biilor privind conflictele legale.<\/p>\n\n<p>\u00a0<\/p>","protected":false},"excerpt":{"rendered":"<p>1. Domeniul de aplicare, condi\u021bii de utilizare \u0219i scopul: Site-ul www.echocar.ro permite clien\u021bilor Echo Car SRL s\u0103 utilizeze con\u021binutul \u0219i func\u021biile furnizate pe baza condi\u021biilor de utilizare \u0219i a reglement\u0103rilor legale \u00een vigoare. 2.Condi\u021bii personale \/juridice de utilizare: Utilizarea func\u021biilor platformei de Internet www.echocar.ro este permis\u0103 numai persoanelor fizice cu v\u00e2rsta minim\u0103 de 18 ani. [&hellip;]<\/p>\n","protected":false},"author":1,"featured_media":0,"parent":0,"menu_order":0,"comment_status":"closed","ping_status":"closed","template":"","meta":{"om_disable_all_campaigns":false,"_monsterinsights_skip_tracking":false,"_monsterinsights_sitenote_active":false,"_monsterinsights_sitenote_note":"","_monsterinsights_sitenote_category":0,"footnotes":""},"class_list":["post-17839","page","type-page","status-publish","hentry"],"aioseo_notices":[],"_links":{"self":[{"href":"https:\/\/echocar.ro\/en\/wp-json\/wp\/v2\/pages\/17839","targetHints":{"allow":["GET"]}}],"collection":[{"href":"https:\/\/echocar.ro\/en\/wp-json\/wp\/v2\/pages"}],"about":[{"href":"https:\/\/echocar.ro\/en\/wp-json\/wp\/v2\/types\/page"}],"author":[{"embeddable":true,"href":"https:\/\/echocar.ro\/en\/wp-json\/wp\/v2\/users\/1"}],"replies":[{"embeddable":true,"href":"https:\/\/echocar.ro\/en\/wp-json\/wp\/v2\/comments?post=17839"}],"version-history":[{"count":4,"href":"https:\/\/echocar.ro\/en\/wp-json\/wp\/v2\/pages\/17839\/revisions"}],"predecessor-version":[{"id":22328,"href":"https:\/\/echocar.ro\/en\/wp-json\/wp\/v2\/pages\/17839\/revisions\/22328"}],"wp:attachment":[{"href":"https:\/\/echocar.ro\/en\/wp-json\/wp\/v2\/media?parent=17839"}],"curies":[{"name":"wp","href":"https:\/\/api.w.org\/{rel}","templated":true}]}}